{"id":2309,"date":"2020-12-22T08:41:44","date_gmt":"2020-12-22T07:41:44","guid":{"rendered":"https:\/\/geconlogistics.pl\/?page_id=2309"},"modified":"2024-11-29T10:56:25","modified_gmt":"2024-11-29T09:56:25","slug":"kontakt","status":"publish","type":"page","link":"https:\/\/geconlogistics.pl\/de\/kontakt\/","title":{"rendered":"Kontakt"},"content":{"rendered":"\t\t<div data-elementor-type=\"wp-page\" data-elementor-id=\"2309\" class=\"elementor elementor-2309 elementor-23\" data-elementor-post-type=\"page\">\n\t\t\t\t\t\t<section class=\"elementor-section elementor-top-section elementor-element elementor-element-29a427d elementor-section-boxed elementor-section-height-default elementor-section-height-default\" data-id=\"29a427d\" data-element_type=\"section\">\n\t\t\t\t\t\t<div class=\"elementor-container elementor-column-gap-default\">\n\t\t\t\t\t\t<\/div>\n\t\t<\/section>\n\t\t\t\t<section class=\"elementor-section elementor-top-section elementor-element elementor-element-6073c95 elementor-section-boxed elementor-section-height-default elementor-section-height-default\" data-id=\"6073c95\" data-element_type=\"section\">\n\t\t\t\t\t\t<div class=\"elementor-container elementor-column-gap-default\">\n\t\t\t\t\t<div class=\"elementor-column elementor-col-100 elementor-top-column elementor-element elementor-element-53dbf37\" data-id=\"53dbf37\" data-element_type=\"column\">\n\t\t\t<div class=\"elementor-widget-wrap elementor-element-populated\">\n\t\t\t\t\t\t<div class=\"elementor-element elementor-element-62f94ea elementor-widget elementor-widget-spacer\" data-id=\"62f94ea\" data-element_type=\"widget\" data-widget_type=\"spacer.default\">\n\t\t\t\t\t\t\t<div class=\"elementor-spacer\">\n\t\t\t<div class=\"elementor-spacer-inner\"><\/div>\n\t\t<\/div>\n\t\t\t\t\t\t<\/div>\n\t\t\t\t\t<\/div>\n\t\t<\/div>\n\t\t\t\t\t<\/div>\n\t\t<\/section>\n\t\t\t\t<section class=\"elementor-section elementor-top-section elementor-element elementor-element-b6e9cb3 elementor-section-boxed elementor-section-height-default elementor-section-height-default\" data-id=\"b6e9cb3\" data-element_type=\"section\">\n\t\t\t\t\t\t<div class=\"elementor-container elementor-column-gap-default\">\n\t\t\t\t\t\t<\/div>\n\t\t<\/section>\n\t\t\t\t<section class=\"elementor-section elementor-top-section elementor-element elementor-element-6aed7c2 elementor-section-boxed elementor-section-height-default elementor-section-height-default\" data-id=\"6aed7c2\" data-element_type=\"section\">\n\t\t\t\t\t\t<div class=\"elementor-container elementor-column-gap-default\">\n\t\t\t\t\t<div class=\"elementor-column elementor-col-50 elementor-top-column elementor-element elementor-element-58019c0a\" data-id=\"58019c0a\" data-element_type=\"column\">\n\t\t\t<div class=\"elementor-widget-wrap elementor-element-populated\">\n\t\t\t\t\t\t<div class=\"elementor-element elementor-element-58cada35 elementor-widget elementor-widget-heading\" data-id=\"58cada35\" data-element_type=\"widget\" data-widget_type=\"heading.default\">\n\t\t\t\t\t<h1 class=\"elementor-heading-title elementor-size-default\">Haben Sie Fragen? Kontaktieren Sie uns<\/h1>\t\t\t\t<\/div>\n\t\t\t\t<div class=\"elementor-element elementor-element-221059de elementor-widget elementor-widget-text-editor\" data-id=\"221059de\" data-element_type=\"widget\" data-widget_type=\"text-editor.default\">\n\t\t\t\t\t\t\t\t\t<p><span style=\"font-weight: 400;\">Wir laden Sie gerne in unseren Firmensitz ein, wo wir bei einem Kaffee die f\u00fcr Sie vorteilhafteste L\u00f6sung finden werden.<\/span><\/p>\t\t\t\t\t\t\t\t<\/div>\n\t\t\t\t<div class=\"elementor-element elementor-element-d6e5916 elementor-widget elementor-widget-shortcode\" data-id=\"d6e5916\" data-element_type=\"widget\" data-widget_type=\"shortcode.default\">\n\t\t\t\t\t\t\t<div class=\"elementor-shortcode\">\n<div class=\"wpcf7 no-js\" id=\"wpcf7-f2327-o1\" lang=\"pl-PL\" dir=\"ltr\" data-wpcf7-id=\"2327\">\n<div class=\"screen-reader-response\"><p role=\"status\" aria-live=\"polite\" aria-atomic=\"true\"><\/p> <ul><\/ul><\/div>\n<form action=\"\/de\/wp-json\/wp\/v2\/pages\/2309#wpcf7-f2327-o1\" method=\"post\" class=\"wpcf7-form init\" aria-label=\"Formularz kontaktowy\" novalidate=\"novalidate\" data-status=\"init\">\n<fieldset class=\"hidden-fields-container\"><input type=\"hidden\" name=\"_wpcf7\" value=\"2327\" \/><input type=\"hidden\" name=\"_wpcf7_version\" value=\"6.1.1\" \/><input type=\"hidden\" name=\"_wpcf7_locale\" value=\"pl_PL\" \/><input type=\"hidden\" name=\"_wpcf7_unit_tag\" value=\"wpcf7-f2327-o1\" \/><input type=\"hidden\" name=\"_wpcf7_container_post\" value=\"0\" \/><input type=\"hidden\" name=\"_wpcf7_posted_data_hash\" value=\"\" \/><input type=\"hidden\" name=\"_wpcf7_recaptcha_response\" value=\"\" \/>\n<\/fieldset>\n<p><label> Vorname und Nachname<br \/>\n<span class=\"wpcf7-form-control-wrap\" data-name=\"your-name\"><input size=\"40\" maxlength=\"400\" class=\"wpcf7-form-control wpcf7-text wpcf7-validates-as-required\" aria-required=\"true\" aria-invalid=\"false\" value=\"\" type=\"text\" name=\"your-name\" \/><\/span> <\/label>\n<\/p>\n<p><label> E-mail<br \/>\n<span class=\"wpcf7-form-control-wrap\" data-name=\"your-email\"><input size=\"40\" maxlength=\"400\" class=\"wpcf7-form-control wpcf7-email wpcf7-validates-as-required wpcf7-text wpcf7-validates-as-email\" aria-required=\"true\" aria-invalid=\"false\" value=\"\" type=\"email\" name=\"your-email\" \/><\/span> <\/label>\n<\/p>\n<p><label> Thema<br \/>\n<span class=\"wpcf7-form-control-wrap\" data-name=\"your-subject\"><input size=\"40\" maxlength=\"400\" class=\"wpcf7-form-control wpcf7-text wpcf7-validates-as-required\" aria-required=\"true\" aria-invalid=\"false\" value=\"\" type=\"text\" name=\"your-subject\" \/><\/span> <\/label>\n<\/p>\n<p><label> Nachricht<br \/>\n<span class=\"wpcf7-form-control-wrap\" data-name=\"your-message\"><textarea cols=\"40\" rows=\"10\" maxlength=\"2000\" class=\"wpcf7-form-control wpcf7-textarea\" aria-invalid=\"false\" name=\"your-message\"><\/textarea><\/span> <\/label>\n<\/p>\n<p><input class=\"wpcf7-form-control wpcf7-submit has-spinner\" type=\"submit\" value=\"Senden\" \/>\n<\/p><div class=\"wpcf7-response-output\" aria-hidden=\"true\"><\/div>\n<\/form>\n<\/div>\n<\/div>\n\t\t\t\t\t\t<\/div>\n\t\t\t\t\t<\/div>\n\t\t<\/div>\n\t\t\t\t<div class=\"elementor-column elementor-col-50 elementor-top-column elementor-element elementor-element-15e212c\" data-id=\"15e212c\" data-element_type=\"column\">\n\t\t\t<div class=\"elementor-widget-wrap elementor-element-populated\">\n\t\t\t\t\t\t<div class=\"elementor-element elementor-element-70c427f elementor-position-top elementor-widget elementor-widget-image-box\" data-id=\"70c427f\" data-element_type=\"widget\" data-widget_type=\"image-box.default\">\n\t\t\t\t\t<div class=\"elementor-image-box-wrapper\"><figure class=\"elementor-image-box-img\"><img fetchpriority=\"high\" decoding=\"async\" width=\"613\" height=\"530\" src=\"https:\/\/geconlogistics.pl\/wp-content\/uploads\/2020\/11\/mapa-gecon.png\" class=\"attachment-full size-full wp-image-2127\" alt=\"mapa-gecon\" srcset=\"https:\/\/geconlogistics.pl\/wp-content\/uploads\/2020\/11\/mapa-gecon.png 613w, https:\/\/geconlogistics.pl\/wp-content\/uploads\/2020\/11\/mapa-gecon-300x259.png 300w\" sizes=\"(max-width: 613px) 100vw, 613px\" \/><\/figure><div class=\"elementor-image-box-content\"><h3 class=\"elementor-image-box-title\">Gecon Logistics sp. z o.o<\/h3><p class=\"elementor-image-box-description\">ul. Goleniowska 56D <p>\n70-847 Szczecin<\/p><\/div><\/div>\t\t\t\t<\/div>\n\t\t\t\t<div class=\"elementor-element elementor-element-be99b84 elementor-widget elementor-widget-image-box\" data-id=\"be99b84\" data-element_type=\"widget\" data-widget_type=\"image-box.default\">\n\t\t\t\t\t<div class=\"elementor-image-box-wrapper\"><div class=\"elementor-image-box-content\"><h3 class=\"elementor-image-box-title\"><a href=\"tel:+48 502 865 250\" class=\"c-link -red\">+48 502 865 250<\/a><\/h3><\/div><\/div>\t\t\t\t<\/div>\n\t\t\t\t<div class=\"elementor-element elementor-element-d98e0d0 elementor-widget elementor-widget-image-box\" data-id=\"d98e0d0\" data-element_type=\"widget\" data-widget_type=\"image-box.default\">\n\t\t\t\t\t<div class=\"elementor-image-box-wrapper\"><div class=\"elementor-image-box-content\"><h3 class=\"elementor-image-box-title\">geconlogistics@gmail.com<\/h3><\/div><\/div>\t\t\t\t<\/div>\n\t\t\t\t\t<\/div>\n\t\t<\/div>\n\t\t\t\t\t<\/div>\n\t\t<\/section>\n\t\t\t\t<section class=\"elementor-section elementor-top-section elementor-element elementor-element-8e53ab4 elementor-section-boxed elementor-section-height-default elementor-section-height-default\" data-id=\"8e53ab4\" data-element_type=\"section\">\n\t\t\t\t\t\t<div class=\"elementor-container elementor-column-gap-default\">\n\t\t\t\t\t<div class=\"elementor-column elementor-col-33 elementor-top-column elementor-element elementor-element-13a03c6\" data-id=\"13a03c6\" data-element_type=\"column\">\n\t\t\t<div class=\"elementor-widget-wrap elementor-element-populated\">\n\t\t\t\t\t\t<div class=\"elementor-element elementor-element-de14765 elementor-widget elementor-widget-image-box\" data-id=\"de14765\" data-element_type=\"widget\" data-widget_type=\"image-box.default\">\n\t\t\t\t\t<div class=\"elementor-image-box-wrapper\"><div class=\"elementor-image-box-content\"><h3 class=\"elementor-image-box-title\">Mi\u0142os\u0142aw \u0141ozi\u0144ski<\/h3><p class=\"elementor-image-box-description\">Operationsdirektor\n<p><\/p>\n<a href=\"tel:+48 502 865 250\" class=\"c-link -red\">+48 502 865 250<\/a> <p><\/p>\nmlozinski@geconlogistics.pl<\/p><\/div><\/div>\t\t\t\t<\/div>\n\t\t\t\t\t<\/div>\n\t\t<\/div>\n\t\t\t\t<div class=\"elementor-column elementor-col-33 elementor-top-column elementor-element elementor-element-082e6a4\" data-id=\"082e6a4\" data-element_type=\"column\">\n\t\t\t<div class=\"elementor-widget-wrap elementor-element-populated\">\n\t\t\t\t\t\t<div class=\"elementor-element elementor-element-ccf1219 elementor-widget elementor-widget-image-box\" data-id=\"ccf1219\" data-element_type=\"widget\" data-widget_type=\"image-box.default\">\n\t\t\t\t\t<div class=\"elementor-image-box-wrapper\"><div class=\"elementor-image-box-content\"><h3 class=\"elementor-image-box-title\">Piotr Rydzewski<\/h3><p class=\"elementor-image-box-description\">Project Manager\n<p><\/p>\n<a href=\"tel:+48 602772556\" class=\"c-link -red\">+48 602772556<\/a> <p><\/p>\npiotr_rydzewski@geconlogistics.com<\/p><\/div><\/div>\t\t\t\t<\/div>\n\t\t\t\t\t<\/div>\n\t\t<\/div>\n\t\t\t\t<div class=\"elementor-column elementor-col-33 elementor-top-column elementor-element elementor-element-fcd9957\" data-id=\"fcd9957\" data-element_type=\"column\">\n\t\t\t<div class=\"elementor-widget-wrap\">\n\t\t\t\t\t\t\t<\/div>\n\t\t<\/div>\n\t\t\t\t\t<\/div>\n\t\t<\/section>\n\t\t\t\t<\/div>\n\t\t","protected":false},"excerpt":{"rendered":"<p>Haben Sie Fragen? Kontaktieren Sie uns Wir laden Sie gerne in unseren Firmensitz ein, wo wir bei einem Kaffee die f\u00fcr Sie vorteilhafteste L\u00f6sung finden werden. Gecon Logistics sp. z o.o ul. Goleniowska 56D 70-847 Szczecin +48 502 865 250 geconlogistics@gmail.com Mi\u0142os\u0142aw \u0141ozi\u0144ski Operationsdirektor +48 502 865 250 mlozinski@geconlogistics.pl Piotr Rydzewski Project Manager +48 602772556&hellip;<\/p>\n","protected":false},"author":1,"featured_media":0,"parent":0,"menu_order":70,"comment_status":"closed","ping_status":"closed","template":"elementor_header_footer","meta":{"footnotes":""},"class_list":["post-2309","page","type-page","status-publish","hentry"],"yoast_head":"<!-- This site is optimized with the Yoast SEO plugin v26.9 - https:\/\/yoast.com\/product\/yoast-seo-wordpress\/ -->\n<title>Kontakt - Gecon Logistics<\/title>\n<meta name=\"robots\" content=\"index, follow, max-snippet:-1, max-image-preview:large, max-video-preview:-1\" \/>\n<link rel=\"canonical\" href=\"https:\/\/geconlogistics.pl\/de\/kontakt\/\" \/>\n<meta property=\"og:locale\" content=\"de_DE\" \/>\n<meta property=\"og:type\" content=\"article\" \/>\n<meta property=\"og:title\" content=\"Kontakt - Gecon Logistics\" \/>\n<meta property=\"og:description\" content=\"Haben Sie Fragen? Kontaktieren Sie uns Wir laden Sie gerne in unseren Firmensitz ein, wo wir bei einem Kaffee die f\u00fcr Sie vorteilhafteste L\u00f6sung finden werden. Gecon Logistics sp. z o.o ul. Goleniowska 56D 70-847 Szczecin +48 502 865 250 geconlogistics@gmail.com Mi\u0142os\u0142aw \u0141ozi\u0144ski Operationsdirektor +48 502 865 250 mlozinski@geconlogistics.pl Piotr Rydzewski Project Manager +48 602772556&hellip;\" \/>\n<meta property=\"og:url\" content=\"https:\/\/geconlogistics.pl\/de\/kontakt\/\" \/>\n<meta property=\"og:site_name\" content=\"Gecon Logistics\" \/>\n<meta property=\"article:modified_time\" content=\"2024-11-29T09:56:25+00:00\" \/>\n<meta property=\"og:image\" content=\"https:\/\/geconlogistics.pl\/wp-content\/uploads\/2020\/11\/mapa-gecon.png\" \/>\n<meta name=\"twitter:card\" content=\"summary_large_image\" \/>\n<script type=\"application\/ld+json\" class=\"yoast-schema-graph\">{\"@context\":\"https:\/\/schema.org\",\"@graph\":[{\"@type\":\"WebPage\",\"@id\":\"https:\/\/geconlogistics.pl\/de\/kontakt\/\",\"url\":\"https:\/\/geconlogistics.pl\/de\/kontakt\/\",\"name\":\"Kontakt - Gecon Logistics\",\"isPartOf\":{\"@id\":\"https:\/\/geconlogistics.pl\/#website\"},\"primaryImageOfPage\":{\"@id\":\"https:\/\/geconlogistics.pl\/de\/kontakt\/#primaryimage\"},\"image\":{\"@id\":\"https:\/\/geconlogistics.pl\/de\/kontakt\/#primaryimage\"},\"thumbnailUrl\":\"https:\/\/geconlogistics.pl\/wp-content\/uploads\/2020\/11\/mapa-gecon.png\",\"datePublished\":\"2020-12-22T07:41:44+00:00\",\"dateModified\":\"2024-11-29T09:56:25+00:00\",\"breadcrumb\":{\"@id\":\"https:\/\/geconlogistics.pl\/de\/kontakt\/#breadcrumb\"},\"inLanguage\":\"de\",\"potentialAction\":[{\"@type\":\"ReadAction\",\"target\":[\"https:\/\/geconlogistics.pl\/de\/kontakt\/\"]}]},{\"@type\":\"ImageObject\",\"inLanguage\":\"de\",\"@id\":\"https:\/\/geconlogistics.pl\/de\/kontakt\/#primaryimage\",\"url\":\"https:\/\/geconlogistics.pl\/wp-content\/uploads\/2020\/11\/mapa-gecon.png\",\"contentUrl\":\"https:\/\/geconlogistics.pl\/wp-content\/uploads\/2020\/11\/mapa-gecon.png\"},{\"@type\":\"BreadcrumbList\",\"@id\":\"https:\/\/geconlogistics.pl\/de\/kontakt\/#breadcrumb\",\"itemListElement\":[{\"@type\":\"ListItem\",\"position\":1,\"name\":\"Home\",\"item\":\"https:\/\/geconlogistics.pl\/de\/homepage\/\"},{\"@type\":\"ListItem\",\"position\":2,\"name\":\"Kontakt\"}]},{\"@type\":\"WebSite\",\"@id\":\"https:\/\/geconlogistics.pl\/#website\",\"url\":\"https:\/\/geconlogistics.pl\/\",\"name\":\"Gecon Logistics\",\"description\":\"Tw\u00f3j partner w e-commerce\",\"publisher\":{\"@id\":\"https:\/\/geconlogistics.pl\/#organization\"},\"potentialAction\":[{\"@type\":\"SearchAction\",\"target\":{\"@type\":\"EntryPoint\",\"urlTemplate\":\"https:\/\/geconlogistics.pl\/?s={search_term_string}\"},\"query-input\":{\"@type\":\"PropertyValueSpecification\",\"valueRequired\":true,\"valueName\":\"search_term_string\"}}],\"inLanguage\":\"de\"},{\"@type\":\"Organization\",\"@id\":\"https:\/\/geconlogistics.pl\/#organization\",\"name\":\"Gecon Logistics sp z.o.o\",\"url\":\"https:\/\/geconlogistics.pl\/\",\"logo\":{\"@type\":\"ImageObject\",\"inLanguage\":\"de\",\"@id\":\"https:\/\/geconlogistics.pl\/#\/schema\/logo\/image\/\",\"url\":\"https:\/\/geconlogistics.pl\/wp-content\/uploads\/2020\/11\/cropped-logog-286x55-1.png\",\"contentUrl\":\"https:\/\/geconlogistics.pl\/wp-content\/uploads\/2020\/11\/cropped-logog-286x55-1.png\",\"width\":286,\"height\":55,\"caption\":\"Gecon Logistics sp z.o.o\"},\"image\":{\"@id\":\"https:\/\/geconlogistics.pl\/#\/schema\/logo\/image\/\"}}]}<\/script>\n<!-- \/ Yoast SEO plugin. -->","yoast_head_json":{"title":"Kontakt - Gecon Logistics","robots":{"index":"index","follow":"follow","max-snippet":"max-snippet:-1","max-image-preview":"max-image-preview:large","max-video-preview":"max-video-preview:-1"},"canonical":"https:\/\/geconlogistics.pl\/de\/kontakt\/","og_locale":"de_DE","og_type":"article","og_title":"Kontakt - Gecon Logistics","og_description":"Haben Sie Fragen? Kontaktieren Sie uns Wir laden Sie gerne in unseren Firmensitz ein, wo wir bei einem Kaffee die f\u00fcr Sie vorteilhafteste L\u00f6sung finden werden. Gecon Logistics sp. z o.o ul. Goleniowska 56D 70-847 Szczecin +48 502 865 250 geconlogistics@gmail.com Mi\u0142os\u0142aw \u0141ozi\u0144ski Operationsdirektor +48 502 865 250 mlozinski@geconlogistics.pl Piotr Rydzewski Project Manager +48 602772556&hellip;","og_url":"https:\/\/geconlogistics.pl\/de\/kontakt\/","og_site_name":"Gecon Logistics","article_modified_time":"2024-11-29T09:56:25+00:00","og_image":[{"url":"https:\/\/geconlogistics.pl\/wp-content\/uploads\/2020\/11\/mapa-gecon.png","type":"","width":"","height":""}],"twitter_card":"summary_large_image","schema":{"@context":"https:\/\/schema.org","@graph":[{"@type":"WebPage","@id":"https:\/\/geconlogistics.pl\/de\/kontakt\/","url":"https:\/\/geconlogistics.pl\/de\/kontakt\/","name":"Kontakt - Gecon Logistics","isPartOf":{"@id":"https:\/\/geconlogistics.pl\/#website"},"primaryImageOfPage":{"@id":"https:\/\/geconlogistics.pl\/de\/kontakt\/#primaryimage"},"image":{"@id":"https:\/\/geconlogistics.pl\/de\/kontakt\/#primaryimage"},"thumbnailUrl":"https:\/\/geconlogistics.pl\/wp-content\/uploads\/2020\/11\/mapa-gecon.png","datePublished":"2020-12-22T07:41:44+00:00","dateModified":"2024-11-29T09:56:25+00:00","breadcrumb":{"@id":"https:\/\/geconlogistics.pl\/de\/kontakt\/#breadcrumb"},"inLanguage":"de","potentialAction":[{"@type":"ReadAction","target":["https:\/\/geconlogistics.pl\/de\/kontakt\/"]}]},{"@type":"ImageObject","inLanguage":"de","@id":"https:\/\/geconlogistics.pl\/de\/kontakt\/#primaryimage","url":"https:\/\/geconlogistics.pl\/wp-content\/uploads\/2020\/11\/mapa-gecon.png","contentUrl":"https:\/\/geconlogistics.pl\/wp-content\/uploads\/2020\/11\/mapa-gecon.png"},{"@type":"BreadcrumbList","@id":"https:\/\/geconlogistics.pl\/de\/kontakt\/#breadcrumb","itemListElement":[{"@type":"ListItem","position":1,"name":"Home","item":"https:\/\/geconlogistics.pl\/de\/homepage\/"},{"@type":"ListItem","position":2,"name":"Kontakt"}]},{"@type":"WebSite","@id":"https:\/\/geconlogistics.pl\/#website","url":"https:\/\/geconlogistics.pl\/","name":"Gecon Logistics","description":"Tw\u00f3j partner w e-commerce","publisher":{"@id":"https:\/\/geconlogistics.pl\/#organization"},"potentialAction":[{"@type":"SearchAction","target":{"@type":"EntryPoint","urlTemplate":"https:\/\/geconlogistics.pl\/?s={search_term_string}"},"query-input":{"@type":"PropertyValueSpecification","valueRequired":true,"valueName":"search_term_string"}}],"inLanguage":"de"},{"@type":"Organization","@id":"https:\/\/geconlogistics.pl\/#organization","name":"Gecon Logistics sp z.o.o","url":"https:\/\/geconlogistics.pl\/","logo":{"@type":"ImageObject","inLanguage":"de","@id":"https:\/\/geconlogistics.pl\/#\/schema\/logo\/image\/","url":"https:\/\/geconlogistics.pl\/wp-content\/uploads\/2020\/11\/cropped-logog-286x55-1.png","contentUrl":"https:\/\/geconlogistics.pl\/wp-content\/uploads\/2020\/11\/cropped-logog-286x55-1.png","width":286,"height":55,"caption":"Gecon Logistics sp z.o.o"},"image":{"@id":"https:\/\/geconlogistics.pl\/#\/schema\/logo\/image\/"}}]}},"_links":{"self":[{"href":"https:\/\/geconlogistics.pl\/de\/wp-json\/wp\/v2\/pages\/2309","targetHints":{"allow":["GET"]}}],"collection":[{"href":"https:\/\/geconlogistics.pl\/de\/wp-json\/wp\/v2\/pages"}],"about":[{"href":"https:\/\/geconlogistics.pl\/de\/wp-json\/wp\/v2\/types\/page"}],"author":[{"embeddable":true,"href":"https:\/\/geconlogistics.pl\/de\/wp-json\/wp\/v2\/users\/1"}],"replies":[{"embeddable":true,"href":"https:\/\/geconlogistics.pl\/de\/wp-json\/wp\/v2\/comments?post=2309"}],"version-history":[{"count":20,"href":"https:\/\/geconlogistics.pl\/de\/wp-json\/wp\/v2\/pages\/2309\/revisions"}],"predecessor-version":[{"id":2837,"href":"https:\/\/geconlogistics.pl\/de\/wp-json\/wp\/v2\/pages\/2309\/revisions\/2837"}],"wp:attachment":[{"href":"https:\/\/geconlogistics.pl\/de\/wp-json\/wp\/v2\/media?parent=2309"}],"curies":[{"name":"wp","href":"https:\/\/api.w.org\/{rel}","templated":true}]}}