{"id":2485,"date":"2022-07-04T20:35:23","date_gmt":"2022-07-04T18:35:23","guid":{"rendered":"https:\/\/geconlogistics.pl\/?page_id=2485"},"modified":"2022-07-10T12:25:31","modified_gmt":"2022-07-10T10:25:31","slug":"fulfillment","status":"publish","type":"page","link":"https:\/\/geconlogistics.pl\/de\/fulfillment\/","title":{"rendered":"Fulfillment"},"content":{"rendered":"\n<h2 class=\"wp-block-heading\" id=\"h-fulfillment-ist-eine-besondere-art-der-logistikdienstleistung-die-alle-vorteile-des-outsourcings-nutzt-so-kann-sich-der-unternehmer-auf-die-kernaufgabe-seines-unternehmens-konzentrieren-das-erzielen-von-gewinnen\"><strong>Fulfillment ist eine besondere Art der Logistikdienstleistung, die alle Vorteile des Outsourcings nutzt. So kann sich der Unternehmer auf die Kernaufgabe seines Unternehmens konzentrieren \u2013 das Erzielen von Gewinnen.<\/strong><\/h2>\n\n\n\n<p>Fulfillment richtet sich an Internet-Shop-Betreiber und alle, die auf dem E-Commerce-Markt t\u00e4tig sind. Der\/die Nutzer\/in \u00fcbergibt die Auftragserf\u00fcllung an einen externen Betreiber, der auf die Auftragsabwicklung spezialisiert ist. Dank dieser L\u00f6sung erh\u00e4lt der E-Business-Besitzer einen zuverl\u00e4ssigen Partner, der sich um jede Phase des Einkaufs k\u00fcmmert. Der Service umfasst die Abholung der Produkte bei den Lieferanten, die Lagerung, den Umschlag, aber auch den Transport direkt zum Kunden, Retouren und Beanstandungen.<\/p>\n\n\n\n<p>Ein erfahrener Logistiker hilft, die Kosten zu senken, was besonders f\u00fcr wachsende Unternehmen wichtig ist. Fulfillment ist ein Instrument, mit dem Sie Ihr Gesch\u00e4ft ausweiten und Ihre Position auf dem Markt st\u00e4rken k\u00f6nnen, ohne gro\u00dfe Summen investieren zu m\u00fcssen.<\/p>\n\n\n\n<p>Der Service macht den Bedarf an Lagerfl\u00e4che \u00fcberfl\u00fcssig und \u00fcbertr\u00e4gt die Verantwortung f\u00fcr wichtige Faktoren des gesamten Prozesses. Der Logistiker garantiert einen ausgezeichneten Kundenkontakt, die notwendigen Lagerbedingungen f\u00fcr das Sortiment, den Schutz vor Diebstahl und mechanischen Besch\u00e4digungen sowie die Aktualisierung der verf\u00fcgbaren Best\u00e4nde.<\/p>\n\n\n\n<p>Fulfillment ist ein Beispiel f\u00fcr eine rentable Investition, die im E-Commerce-Sektor immer beliebter wird. Finde heraus, welche Vorteile es f\u00fcr dein Unternehmen bringt!<\/p>\n\n\n\n<p><\/p>\n\n\n\n<h2 class=\"wp-block-heading\"><strong>F\u00fcr wen ist Fulfillment?<\/strong><\/h2>\n\n\n\n<p>Fulfillment zeichnet sich durch seine Vielseitigkeit in der Nutzung aus, was sowohl f\u00fcr kleine und mittlere Unternehmen, als auch f\u00fcr Einzelunternehmer sehr attraktiv ist. Deshalb ist der Service in 3 h\u00e4ufigsten F\u00e4llen perfekt.<\/p>\n\n\n\n<h3 class=\"wp-block-heading\"><strong>Mangelnde Erfahrung<\/strong><\/h3>\n\n\n\n<p>Das Fulfillment-Service ist perfekte L\u00f6sung f\u00fcr Unternehmerinnen und Unternehmer, die in den E-Commerce einsteigen. Der Aufbau einer Partnerschaft mit einem erfahrenen Logistikdienstleister reduziert die Verantwortung der sich entwickelnden H\u00e4ndler erheblich und erm\u00f6glicht einen reibungslosen Markteintritt.<\/p>\n\n\n\n<h3 class=\"wp-block-heading\"><strong>Mangel an Kapital<\/strong><\/h3>\n\n\n\n<p>Eine andere Kategorie von Nutzerinnen und Nutzern sind diejenigen, die keine gro\u00dfen Geldbetr\u00e4ge zur Verf\u00fcgung haben oder nicht bereit sind, diese zu investieren. Logistikzentren bieten Lagerfl\u00e4chen, was zu erheblichen Einsparungen f\u00fchrt. Die Kosten f\u00fcr Miete, Strom, Nebenkosten, die Instandhaltung und Schulung der Mitarbeiter und die Anschaffung von Spezialausr\u00fcstung, sowie das Mieten eines Lagers sind mit erheblichen Kosten verbunden. Ein Fulfillment-Service reduziert die Gesch\u00e4ftskosten auf ein Minimum.<\/p>\n\n\n\n<h3 class=\"wp-block-heading\"><strong>Zeitmangel<\/strong><\/h3>\n\n\n\n<p>Fulfillment bedeutet Wirtschaftlichkeit der Finanzen, aber auch der Zeit. Das Logistikmodell unterst\u00fctzt diejenigen Hersteller, die sich auf Gew\u00e4hrleistung h\u00f6chster Qualit\u00e4t der gelieferten Produkte konzentrieren. Alle weiteren T\u00e4tigkeiten und Abl\u00e4ufe werden ausgelagert.<\/p>\n\n\n\n<p><\/p>\n\n\n\n<h2 class=\"wp-block-heading\"><strong>Fulfillment &#8211; wichtig f\u00fcr Online-Shops<\/strong><\/h2>\n\n\n\n<p>Ein kompetenter Logistikpartner optimiert den Betrieb des Internet-Shops, erm\u00f6glicht es ihm, sich von der gro\u00dfen Konkurrenz abzuheben und seine Position zu st\u00e4rken. Das Fulfillment hat unbestreitbar einen gro\u00dfen Einfluss auf den Erfolg virtueller Einzelh\u00e4ndler.<\/p>\n\n\n\n<h3 class=\"wp-block-heading\"><strong>Organisatorische Planung<\/strong><\/h3>\n\n\n\n<p>Logistikagenten bieten modernste Tools und Techniken f\u00fcr die E-Commerce-Branche. Eine Partnerschaft bedeutet, dass Sie Zugang zu den Lagerbest\u00e4nden, der R\u00fcckverfolgbarkeit von Paketen, den angewandten Sicherheitsma\u00dfnahmen und den Zahlungsprozessen haben. Mit all diesen Daten k\u00f6nnen Sie zuk\u00fcnftige Bestellungen koordinieren und Ihre Kunden besser kennenlernen, was Ihren Gewinn erh\u00f6ht.<\/p>\n\n\n\n<h3 class=\"wp-block-heading\"><strong><strong>Transport<\/strong><\/strong><\/h3>\n\n\n\n<p>Die Lieferung an den Kunden ist der letzte und sehr wichtige Faktor des gesamten Auftrags. Diese Phase kann \u00fcber den Erfolg oder Niederlage eines Produkts des Internet-Shops entscheiden und erfordert daher besondere Sorgfalt. Fulfillment garantiert Reduzierung der Transportkosten, reibungslose Lieferung sowie vollst\u00e4ndiges Informationspaket f\u00fcr den Nutzer. Untersuchungen haben ergeben, dass eine klare Angabe des voraussichtlichen Liefertermins bei 60 % der Befragten die Kaufwahrscheinlichkeit erh\u00f6ht, sodass das Thema Bef\u00f6rderung nicht untersch\u00e4tzt werden darf.<\/p>\n\n\n\n<h3 class=\"wp-block-heading\"><strong><strong>Weniger Kosten, mehr Gewinn<\/strong><\/strong><\/h3>\n\n\n\n<p>Jedes Unternehmen ist bestrebt, seine Betriebskosten zu senken und den Umsatz zu steigern. Fulfillment erm\u00f6glicht Vermeidung unn\u00f6tiger Ausgaben, bringt Budgetersparnisse und erm\u00f6glicht es Ihnen, sich auf die eigentliche Aufgabe Ihres Unternehmens zu konzentrieren.<\/p>\n\n\n\n<p><\/p>\n\n\n\n<h2 class=\"wp-block-heading\"><strong><strong>Vorteile des Fulfillments<\/strong><\/strong><\/h2>\n\n\n\n<p>Sch\u00e4tzungen zufolge werden bis 2040 95 % aller Eink\u00e4ufe \u00fcber ein E-Commerce-System get\u00e4tigt werden. Solche Prognosen sind besonders attraktiv f\u00fcr Internet-Shop-Betreiber, die alle Vorteile des Fulfillments nutzen k\u00f6nnen.<\/p>\n\n\n\n<h3 class=\"wp-block-heading\"><strong><strong>Erreichbarkeit<\/strong><\/strong><\/h3>\n\n\n\n<p>Fulfillment macht es einfach, ein breites Publikum mit Ihrer Produktpalette zu erreichen. Die spezialisierten Dienstleistungen des Logistikunternehmens bedeuten, dass Eink\u00e4ufe unabh\u00e4ngig von geografischen Einschr\u00e4nkungen oder sogar einer anderen Zeitzone get\u00e4tigt werden k\u00f6nnen.<\/p>\n\n\n\n<h3 class=\"wp-block-heading\"><strong>Professionalit\u00e4t<\/strong><\/h3>\n\n\n\n<p>Die Zusammenarbeit mit einem externen Partner bedeutet, dass Sie sein Wissen, seine Erfahrung, Technologie und Know-how nutzen k\u00f6nnen. In jeder Phase des Prozesses h\u00f6chste Servicequalit\u00e4t zu bieten st\u00e4rkt das Vertrauen der Kunden und erweitert regelm\u00e4\u00dfig die Liste der Auftragnehmer.<\/p>\n\n\n\n<h3 class=\"wp-block-heading\"><strong><strong>Einsparungen<\/strong><\/strong><\/h3>\n\n\n\n<p>Des Geldes, der Zeit und des Platzes. Fulfillment ist eine Investition, die das Funktionieren einer Organisation in vielerlei Hinsicht vereinfacht. Der Service erfordert keine Mittel f\u00fcr die Lagerhaltung, setzt Personalkapazit\u00e4ten frei und beansprucht keine Lagerfl\u00e4che.Des Geldes, der Zeit und des Platzes. Fulfillment ist eine Investition, die das Funktionieren einer Organisation in vielerlei Hinsicht vereinfacht. Der Service erfordert keine Mittel f\u00fcr die Lagerhaltung, setzt Personalkapazit\u00e4ten frei und beansprucht keine Lagerfl\u00e4che.<\/p>\n\n\n\n<h3 class=\"wp-block-heading\"><strong>Kundenbetreuung<\/strong><\/h3>\n\n\n\n<p>Fulfillment k\u00fcmmert sich um alle Aspekte der Auftragsabwicklung. Warum ist das wichtig? 95\u00a0% der Verbraucher\/innen halten den Kundenservice f\u00fcr einen Schl\u00fcsselfaktor beim Aufbau des Images eines zuverl\u00e4ssigen Unternehmens. Logistiker\/innen sind daf\u00fcr verantwortlich, positive Beziehungen zu den Kunden zu pflegen, was sich auf das Auftragsvolumen auswirkt.<\/p>\n\n\n\n<h2 class=\"wp-block-heading\"><strong><strong>Praktische Umsetzung<\/strong><\/strong><\/h2>\n\n\n\n<p>Um die immense Praktikabilit\u00e4t und N\u00fctzlichkeit des Fulfillments zu verstehen sollte man sich ein \u00dcberblick \u00fcber den gesamten Prozess verschaffen. Der Logistiker ist f\u00fcr eine Reihe von funktionalen Vorg\u00e4ngen verantwortlich.<\/p>\n\n\n\n<h3 class=\"wp-block-heading\"><strong><strong>Produktentgegennahme<\/strong><\/strong><\/h3>\n\n\n\n<p>Die erste Aufgabe des Logistikpartners ist es, die bestellte Ware vom Hersteller entgegenzunehmen. Das Unternehmen muss jede Warenpartie sorgf\u00e4ltig pr\u00fcfen, um m\u00f6gliche Fehler und Unregelm\u00e4\u00dfigkeiten zu vermeiden.<\/p>\n\n\n\n<h3 class=\"wp-block-heading\"><strong>Lagerung<\/strong><\/h3>\n\n\n\n<p>Das ist ein weiterer Punkt, den ein professioneller Logistiker \u00fcbernimmt. Das Unternehmen sollte ausreichend Platz und spezielle Bedingungen zur Verf\u00fcgung stellen, die den Besonderheiten und Anforderungen der Produkte entsprechen, sowie wirksame Formen des Schutzes gegen mechanische Besch\u00e4digung oder Diebstahl sichern. Mit dieser L\u00f6sung entstehen den Internet-Shops keine Lagerkosten.<\/p>\n\n\n\n<h3 class=\"wp-block-heading\"><strong>Auftragsabwicklung<\/strong><\/h3>\n\n\n\n<p>Das gesamte Sortiment wird in ein modernes System eingegeben und in die Daten des E-Shops integriert. Mit der Bestellung beginnen die Verpackungs- und Versandvorbereitungen. Das Lagerpersonal identifiziert bestimmte Produkte und legt sie dann in das Paket. Jede Sendung wird entsprechend gekennzeichnet und gesichert. Dar\u00fcber hinaus k\u00f6nnen die Logistiker auch Geschenkkarten, Visitenkarten, Flyer oder anderes Werbematerial des Verk\u00e4ufers mitliefern.<\/p>\n\n\n\n<h3 class=\"wp-block-heading\"><strong>Lieferung<\/strong><\/h3>\n\n\n\n<p>Beim Fulfillment liefern die besten Transportunternehmen die Sendungen direkt an den Endverbraucher aus. Diese Phase des Prozesses ist besonders heikel und erfordert die Erfahrung und Ressourcen eines professionellen Bef\u00f6rderers.<\/p>\n","protected":false},"excerpt":{"rendered":"<p>Fulfillment ist eine besondere Art der Logistikdienstleistung, die alle Vorteile des Outsourcings nutzt. So kann sich der Unternehmer auf die Kernaufgabe seines Unternehmens konzentrieren \u2013 das Erzielen von Gewinnen. Fulfillment richtet sich an Internet-Shop-Betreiber und alle, die auf dem E-Commerce-Markt t\u00e4tig sind. Der\/die Nutzer\/in \u00fcbergibt die Auftragserf\u00fcllung an einen externen Betreiber, der auf die Auftragsabwicklung&hellip;<\/p>\n","protected":false},"author":1,"featured_media":0,"parent":0,"menu_order":0,"comment_status":"closed","ping_status":"closed","template":"","meta":{"footnotes":""},"class_list":["post-2485","page","type-page","status-publish","hentry","description-off"],"yoast_head":"<!-- This site is optimized with the Yoast SEO plugin v26.9 - https:\/\/yoast.com\/product\/yoast-seo-wordpress\/ -->\n<title>Fulfillment - Gecon Logistics<\/title>\n<meta name=\"description\" content=\"Fulfillment ist eine besondere Art von Logistikdienstleistung, die alle Vorteile des Outsourcings nutzt.\" \/>\n<meta name=\"robots\" content=\"index, follow, max-snippet:-1, max-image-preview:large, max-video-preview:-1\" \/>\n<link rel=\"canonical\" href=\"https:\/\/geconlogistics.pl\/de\/fulfillment\/\" \/>\n<meta property=\"og:locale\" content=\"de_DE\" \/>\n<meta property=\"og:type\" content=\"article\" \/>\n<meta property=\"og:title\" content=\"Fulfillment - Gecon Logistics\" \/>\n<meta property=\"og:description\" content=\"Fulfillment ist eine besondere Art von Logistikdienstleistung, die alle Vorteile des Outsourcings nutzt.\" \/>\n<meta property=\"og:url\" content=\"https:\/\/geconlogistics.pl\/de\/fulfillment\/\" \/>\n<meta property=\"og:site_name\" content=\"Gecon Logistics\" \/>\n<meta property=\"article:modified_time\" content=\"2022-07-10T10:25:31+00:00\" \/>\n<meta property=\"og:image\" content=\"https:\/\/geconlogistics.pl\/wp-content\/uploads\/2020\/11\/finishing-up-a-meeting-business-shaking-hands-after-discussing-good-deal-of-trading-to-sign-agreement_t20_ZV0Lnb.jpg\" \/>\n\t<meta property=\"og:image:width\" content=\"2098\" \/>\n\t<meta property=\"og:image:height\" content=\"1399\" \/>\n\t<meta property=\"og:image:type\" content=\"image\/jpeg\" \/>\n<meta name=\"twitter:card\" content=\"summary_large_image\" \/>\n<meta name=\"twitter:label1\" content=\"Gesch\u00e4tzte Lesezeit\" \/>\n\t<meta name=\"twitter:data1\" content=\"5\u00a0Minuten\" \/>\n<script type=\"application\/ld+json\" class=\"yoast-schema-graph\">{\"@context\":\"https:\/\/schema.org\",\"@graph\":[{\"@type\":\"WebPage\",\"@id\":\"https:\/\/geconlogistics.pl\/de\/fulfillment\/\",\"url\":\"https:\/\/geconlogistics.pl\/de\/fulfillment\/\",\"name\":\"Fulfillment - Gecon Logistics\",\"isPartOf\":{\"@id\":\"https:\/\/geconlogistics.pl\/#website\"},\"datePublished\":\"2022-07-04T18:35:23+00:00\",\"dateModified\":\"2022-07-10T10:25:31+00:00\",\"description\":\"Fulfillment ist eine besondere Art von Logistikdienstleistung, die alle Vorteile des Outsourcings nutzt.\",\"breadcrumb\":{\"@id\":\"https:\/\/geconlogistics.pl\/de\/fulfillment\/#breadcrumb\"},\"inLanguage\":\"de\",\"potentialAction\":[{\"@type\":\"ReadAction\",\"target\":[\"https:\/\/geconlogistics.pl\/de\/fulfillment\/\"]}]},{\"@type\":\"BreadcrumbList\",\"@id\":\"https:\/\/geconlogistics.pl\/de\/fulfillment\/#breadcrumb\",\"itemListElement\":[{\"@type\":\"ListItem\",\"position\":1,\"name\":\"Home\",\"item\":\"https:\/\/geconlogistics.pl\/de\/homepage\/\"},{\"@type\":\"ListItem\",\"position\":2,\"name\":\"Fulfillment\"}]},{\"@type\":\"WebSite\",\"@id\":\"https:\/\/geconlogistics.pl\/#website\",\"url\":\"https:\/\/geconlogistics.pl\/\",\"name\":\"Gecon Logistics\",\"description\":\"Tw\u00f3j partner w e-commerce\",\"publisher\":{\"@id\":\"https:\/\/geconlogistics.pl\/#organization\"},\"potentialAction\":[{\"@type\":\"SearchAction\",\"target\":{\"@type\":\"EntryPoint\",\"urlTemplate\":\"https:\/\/geconlogistics.pl\/?s={search_term_string}\"},\"query-input\":{\"@type\":\"PropertyValueSpecification\",\"valueRequired\":true,\"valueName\":\"search_term_string\"}}],\"inLanguage\":\"de\"},{\"@type\":\"Organization\",\"@id\":\"https:\/\/geconlogistics.pl\/#organization\",\"name\":\"Gecon Logistics sp z.o.o\",\"url\":\"https:\/\/geconlogistics.pl\/\",\"logo\":{\"@type\":\"ImageObject\",\"inLanguage\":\"de\",\"@id\":\"https:\/\/geconlogistics.pl\/#\/schema\/logo\/image\/\",\"url\":\"https:\/\/geconlogistics.pl\/wp-content\/uploads\/2020\/11\/cropped-logog-286x55-1.png\",\"contentUrl\":\"https:\/\/geconlogistics.pl\/wp-content\/uploads\/2020\/11\/cropped-logog-286x55-1.png\",\"width\":286,\"height\":55,\"caption\":\"Gecon Logistics sp z.o.o\"},\"image\":{\"@id\":\"https:\/\/geconlogistics.pl\/#\/schema\/logo\/image\/\"}}]}<\/script>\n<!-- \/ Yoast SEO plugin. -->","yoast_head_json":{"title":"Fulfillment - Gecon Logistics","description":"Fulfillment ist eine besondere Art von Logistikdienstleistung, die alle Vorteile des Outsourcings nutzt.","robots":{"index":"index","follow":"follow","max-snippet":"max-snippet:-1","max-image-preview":"max-image-preview:large","max-video-preview":"max-video-preview:-1"},"canonical":"https:\/\/geconlogistics.pl\/de\/fulfillment\/","og_locale":"de_DE","og_type":"article","og_title":"Fulfillment - Gecon Logistics","og_description":"Fulfillment ist eine besondere Art von Logistikdienstleistung, die alle Vorteile des Outsourcings nutzt.","og_url":"https:\/\/geconlogistics.pl\/de\/fulfillment\/","og_site_name":"Gecon Logistics","article_modified_time":"2022-07-10T10:25:31+00:00","og_image":[{"width":2098,"height":1399,"url":"https:\/\/geconlogistics.pl\/wp-content\/uploads\/2020\/11\/finishing-up-a-meeting-business-shaking-hands-after-discussing-good-deal-of-trading-to-sign-agreement_t20_ZV0Lnb.jpg","type":"image\/jpeg"}],"twitter_card":"summary_large_image","twitter_misc":{"Gesch\u00e4tzte Lesezeit":"5\u00a0Minuten"},"schema":{"@context":"https:\/\/schema.org","@graph":[{"@type":"WebPage","@id":"https:\/\/geconlogistics.pl\/de\/fulfillment\/","url":"https:\/\/geconlogistics.pl\/de\/fulfillment\/","name":"Fulfillment - Gecon Logistics","isPartOf":{"@id":"https:\/\/geconlogistics.pl\/#website"},"datePublished":"2022-07-04T18:35:23+00:00","dateModified":"2022-07-10T10:25:31+00:00","description":"Fulfillment ist eine besondere Art von Logistikdienstleistung, die alle Vorteile des Outsourcings nutzt.","breadcrumb":{"@id":"https:\/\/geconlogistics.pl\/de\/fulfillment\/#breadcrumb"},"inLanguage":"de","potentialAction":[{"@type":"ReadAction","target":["https:\/\/geconlogistics.pl\/de\/fulfillment\/"]}]},{"@type":"BreadcrumbList","@id":"https:\/\/geconlogistics.pl\/de\/fulfillment\/#breadcrumb","itemListElement":[{"@type":"ListItem","position":1,"name":"Home","item":"https:\/\/geconlogistics.pl\/de\/homepage\/"},{"@type":"ListItem","position":2,"name":"Fulfillment"}]},{"@type":"WebSite","@id":"https:\/\/geconlogistics.pl\/#website","url":"https:\/\/geconlogistics.pl\/","name":"Gecon Logistics","description":"Tw\u00f3j partner w e-commerce","publisher":{"@id":"https:\/\/geconlogistics.pl\/#organization"},"potentialAction":[{"@type":"SearchAction","target":{"@type":"EntryPoint","urlTemplate":"https:\/\/geconlogistics.pl\/?s={search_term_string}"},"query-input":{"@type":"PropertyValueSpecification","valueRequired":true,"valueName":"search_term_string"}}],"inLanguage":"de"},{"@type":"Organization","@id":"https:\/\/geconlogistics.pl\/#organization","name":"Gecon Logistics sp z.o.o","url":"https:\/\/geconlogistics.pl\/","logo":{"@type":"ImageObject","inLanguage":"de","@id":"https:\/\/geconlogistics.pl\/#\/schema\/logo\/image\/","url":"https:\/\/geconlogistics.pl\/wp-content\/uploads\/2020\/11\/cropped-logog-286x55-1.png","contentUrl":"https:\/\/geconlogistics.pl\/wp-content\/uploads\/2020\/11\/cropped-logog-286x55-1.png","width":286,"height":55,"caption":"Gecon Logistics sp z.o.o"},"image":{"@id":"https:\/\/geconlogistics.pl\/#\/schema\/logo\/image\/"}}]}},"_links":{"self":[{"href":"https:\/\/geconlogistics.pl\/de\/wp-json\/wp\/v2\/pages\/2485","targetHints":{"allow":["GET"]}}],"collection":[{"href":"https:\/\/geconlogistics.pl\/de\/wp-json\/wp\/v2\/pages"}],"about":[{"href":"https:\/\/geconlogistics.pl\/de\/wp-json\/wp\/v2\/types\/page"}],"author":[{"embeddable":true,"href":"https:\/\/geconlogistics.pl\/de\/wp-json\/wp\/v2\/users\/1"}],"replies":[{"embeddable":true,"href":"https:\/\/geconlogistics.pl\/de\/wp-json\/wp\/v2\/comments?post=2485"}],"version-history":[{"count":2,"href":"https:\/\/geconlogistics.pl\/de\/wp-json\/wp\/v2\/pages\/2485\/revisions"}],"predecessor-version":[{"id":2505,"href":"https:\/\/geconlogistics.pl\/de\/wp-json\/wp\/v2\/pages\/2485\/revisions\/2505"}],"wp:attachment":[{"href":"https:\/\/geconlogistics.pl\/de\/wp-json\/wp\/v2\/media?parent=2485"}],"curies":[{"name":"wp","href":"https:\/\/api.w.org\/{rel}","templated":true}]}}